{"id":3492,"date":"2025-01-25T15:43:00","date_gmt":"2025-01-25T15:43:00","guid":{"rendered":"https:\/\/iadesign.hu\/?page_id=3492"},"modified":"2025-01-26T08:41:14","modified_gmt":"2025-01-26T08:41:14","slug":"pihentetok-kelesztok","status":"publish","type":"page","link":"https:\/\/iadesign.hu\/en\/termekeink\/forni-fiorini-sutoipari-gepek\/pihentetok-kelesztok\/","title":{"rendered":"Pihentet\u0151k, keleszt\u0151k"},"content":{"rendered":"\t\t<div data-elementor-type=\"wp-page\" data-elementor-id=\"3492\" class=\"elementor elementor-3492\" data-elementor-post-type=\"page\">\n\t\t\t\t\t\t<section class=\"elementor-section elementor-top-section elementor-element elementor-element-4afcf94 elementor-section-boxed elementor-section-height-default elementor-section-height-default\" data-id=\"4afcf94\" data-element_type=\"section\" data-e-type=\"section\" data-settings=\"{&quot;background_background&quot;:&quot;classic&quot;}\">\n\t\t\t\t\t\t<div class=\"elementor-container elementor-column-gap-default\">\n\t\t\t\t\t<div class=\"elementor-column elementor-col-100 elementor-top-column elementor-element elementor-element-233298c\" data-id=\"233298c\" data-element_type=\"column\" data-e-type=\"column\">\n\t\t\t<div class=\"elementor-widget-wrap elementor-element-populated\">\n\t\t\t\t\t\t<section class=\"elementor-section elementor-inner-section elementor-element elementor-element-d22b537 elementor-section-boxed elementor-section-height-default elementor-section-height-default\" data-id=\"d22b537\" data-element_type=\"section\" data-e-type=\"section\">\n\t\t\t\t\t\t<div class=\"elementor-container elementor-column-gap-default\">\n\t\t\t\t\t<div class=\"elementor-column elementor-col-50 elementor-inner-column elementor-element elementor-element-6f92dd3\" data-id=\"6f92dd3\" data-element_type=\"column\" data-e-type=\"column\">\n\t\t\t<div class=\"elementor-widget-wrap elementor-element-populated\">\n\t\t\t\t\t\t<div class=\"elementor-element elementor-element-861e007 elementor-widget elementor-widget-heading\" data-id=\"861e007\" data-element_type=\"widget\" data-e-type=\"widget\" data-widget_type=\"heading.default\">\n\t\t\t\t<div class=\"elementor-widget-container\">\n\t\t\t\t\t<h1 class=\"elementor-heading-title elementor-size-default\">Pihentet\u0151k, keleszt\u0151k<\/h1>\t\t\t\t<\/div>\n\t\t\t\t<\/div>\n\t\t\t\t\t<\/div>\n\t\t<\/div>\n\t\t\t\t<div class=\"elementor-column elementor-col-50 elementor-inner-column elementor-element elementor-element-ea6cfc0\" data-id=\"ea6cfc0\" data-element_type=\"column\" data-e-type=\"column\">\n\t\t\t<div class=\"elementor-widget-wrap\">\n\t\t\t\t\t\t\t<\/div>\n\t\t<\/div>\n\t\t\t\t\t<\/div>\n\t\t<\/section>\n\t\t\t\t<section class=\"elementor-section elementor-inner-section elementor-element elementor-element-53fd4c7 elementor-section-boxed elementor-section-height-default elementor-section-height-default\" data-id=\"53fd4c7\" data-element_type=\"section\" data-e-type=\"section\">\n\t\t\t\t\t\t<div class=\"elementor-container elementor-column-gap-default\">\n\t\t\t\t\t<div class=\"elementor-column elementor-col-50 elementor-inner-column elementor-element elementor-element-65cdffb\" data-id=\"65cdffb\" data-element_type=\"column\" data-e-type=\"column\">\n\t\t\t<div class=\"elementor-widget-wrap elementor-element-populated\">\n\t\t\t\t\t\t<div class=\"elementor-element elementor-element-f6fdb38 elementor-widget elementor-widget-heading\" data-id=\"f6fdb38\" data-element_type=\"widget\" data-e-type=\"widget\" data-widget_type=\"heading.default\">\n\t\t\t\t<div class=\"elementor-widget-container\">\n\t\t\t\t\t<h2 class=\"elementor-heading-title elementor-size-default\">A s\u00fct\u0151ipari pihentet\u0151 \u00e9s keleszt\u0151 g\u00e9pek forradalmas\u00edtj\u00e1k a t\u00e9szta el\u0151k\u00e9sz\u00edt\u00e9s\u00e9t, biztos\u00edtva a t\u00f6k\u00e9letes \u00e1llagot \u00e9s \u00edzt, mik\u00f6zben id\u0151t \u00e9s energi\u00e1t takar\u00edtanak meg a termel\u00e9sben!<\/h2>\t\t\t\t<\/div>\n\t\t\t\t<\/div>\n\t\t\t\t<div class=\"elementor-element elementor-element-db2a5c9 elementor-widget__width-initial elementor-widget elementor-widget-text-editor\" data-id=\"db2a5c9\" data-element_type=\"widget\" data-e-type=\"widget\" data-widget_type=\"text-editor.default\">\n\t\t\t\t<div class=\"elementor-widget-container\">\n\t\t\t\t\t\t\t\t\t<p>A s\u00fct\u0151ipari pihentet\u0151 g\u00e9pek \u00e9s keleszt\u0151 g\u00e9pek kulcsszerepet j\u00e1tszanak a t\u00e9szta megfelel\u0151 el\u0151k\u00e9sz\u00edt\u00e9s\u00e9ben, biztos\u00edtva a k\u00edv\u00e1nt \u00e1llagot \u00e9s text\u00far\u00e1t. A <strong>pihentet\u0151 g\u00e9pek<\/strong> c\u00e9lja, hogy a t\u00e9szt\u00e1t hosszabb id\u0151n \u00e1t, alacsony h\u0151m\u00e9rs\u00e9kleten \u00e9s kontroll\u00e1lt k\u00f6r\u00fclm\u00e9nyek k\u00f6z\u00f6tt pihentess\u00e9k. Ez seg\u00edt a glut\u00e9nh\u00e1l\u00f3zat fejl\u0151d\u00e9s\u00e9ben, jav\u00edtva a t\u00e9szta rugalmass\u00e1g\u00e1t \u00e9s kezelhet\u0151s\u00e9g\u00e9t. A <strong>keleszt\u0151 g\u00e9pek<\/strong> ezzel szemben a t\u00e9szta gyorsabb, akt\u00edv erjed\u00e9s\u00e9t seg\u00edtik el\u0151, szab\u00e1lyozva a h\u0151m\u00e9rs\u00e9kletet \u00e9s p\u00e1ratartalmat, hogy a t\u00e9szta megfelel\u0151en megkeljen, \u00e9s n\u00f6vekedjen a s\u00fct\u00e9shez sz\u00fcks\u00e9ges form\u00e1j\u00fa \u00e9s \u00e1llag\u00fa legyen.<\/p><p>A pihentet\u0151 g\u00e9pek gyakran alacsony h\u0151m\u00e9rs\u00e9kleten, ak\u00e1r 4-5 \u00b0C-on m\u0171k\u00f6dnek, m\u00edg a keleszt\u0151k h\u0151m\u00e9rs\u00e9klete jellemz\u0151en 30-40 \u00b0C k\u00f6z\u00f6tt mozog. Mindk\u00e9t t\u00edpus\u00fa g\u00e9p automatikusan szab\u00e1lyozza a k\u00f6rnyezeti felt\u00e9teleket, biztos\u00edtva a folyamatos min\u0151s\u00e9get \u00e9s id\u0151megtakar\u00edt\u00e1st. Ezek a g\u00e9pek lehetnek kamra t\u00edpus\u00faak (retarder proofer), ahol egyszerre t\u00f6bb t\u00e9tel is pihenhet vagy kelhet, illetve szekr\u00e9ny t\u00edpus\u00faak (retarder cabinets), amelyek kisebb helyig\u00e9nnyel rendelkeznek. A modern pihentet\u0151 \u00e9s keleszt\u0151 g\u00e9pek jelent\u0151sen n\u00f6velik a termel\u00e9s hat\u00e9konys\u00e1g\u00e1t, mik\u00f6zben jav\u00edtj\u00e1k a v\u00e9geredm\u00e9ny min\u0151s\u00e9g\u00e9t.<\/p>\t\t\t\t\t\t\t\t<\/div>\n\t\t\t\t<\/div>\n\t\t\t\t\t<\/div>\n\t\t<\/div>\n\t\t\t\t<div class=\"elementor-column elementor-col-50 elementor-inner-column elementor-element elementor-element-b45ec33\" data-id=\"b45ec33\" data-element_type=\"column\" data-e-type=\"column\">\n\t\t\t<div class=\"elementor-widget-wrap elementor-element-populated\">\n\t\t\t\t\t\t<div class=\"elementor-element elementor-element-334a5eb elementor-widget elementor-widget-image\" data-id=\"334a5eb\" data-element_type=\"widget\" data-e-type=\"widget\" data-widget_type=\"image.default\">\n\t\t\t\t<div class=\"elementor-widget-container\">\n\t\t\t\t\t\t\t\t\t\t\t\t\t\t\t<img alt=\"\" fetchpriority=\"high\" decoding=\"async\" width=\"800\" height=\"600\" src=\"https:\/\/iadesign.hu\/wp-content\/uploads\/2025\/01\/Kovasz-1024x768.jpg\" class=\"attachment-large size-large wp-image-3522\" alt=\"\" srcset=\"https:\/\/iadesign.hu\/wp-content\/uploads\/2025\/01\/Kovasz-1024x768.jpg 1024w, https:\/\/iadesign.hu\/wp-content\/uploads\/2025\/01\/Kovasz-300x225.jpg 300w, https:\/\/iadesign.hu\/wp-content\/uploads\/2025\/01\/Kovasz-768x576.jpg 768w, https:\/\/iadesign.hu\/wp-content\/uploads\/2025\/01\/Kovasz-16x12.jpg 16w, https:\/\/iadesign.hu\/wp-content\/uploads\/2025\/01\/Kovasz.jpg 1500w\" sizes=\"(max-width: 800px) 100vw, 800px\" \/>\t\t\t\t\t\t\t\t\t\t\t\t\t\t\t<\/div>\n\t\t\t\t<\/div>\n\t\t\t\t\t<\/div>\n\t\t<\/div>\n\t\t\t\t\t<\/div>\n\t\t<\/section>\n\t\t\t\t\t<\/div>\n\t\t<\/div>\n\t\t\t\t\t<\/div>\n\t\t<\/section>\n\t\t\t\t<section class=\"elementor-section elementor-top-section elementor-element elementor-element-60046db elementor-section-boxed elementor-section-height-default elementor-section-height-default\" data-id=\"60046db\" data-element_type=\"section\" data-e-type=\"section\">\n\t\t\t\t\t\t<div class=\"elementor-container elementor-column-gap-default\">\n\t\t\t\t\t<div class=\"elementor-column elementor-col-100 elementor-top-column elementor-element elementor-element-0e0a462\" data-id=\"0e0a462\" data-element_type=\"column\" data-e-type=\"column\">\n\t\t\t<div class=\"elementor-widget-wrap elementor-element-populated\">\n\t\t\t\t\t\t<div class=\"elementor-element elementor-element-64fd7e1 elementor-align-left elementor-widget elementor-widget-button\" data-id=\"64fd7e1\" data-element_type=\"widget\" data-e-type=\"widget\" data-widget_type=\"button.default\">\n\t\t\t\t<div class=\"elementor-widget-container\">\n\t\t\t\t\t\t\t\t\t<div class=\"elementor-button-wrapper\">\n\t\t\t\t\t<a class=\"elementor-button elementor-button-link elementor-size-sm\" href=\"https:\/\/iadesign.hu\/termekeink\/forni-fiorini-sutoipari-gepek\/\">\n\t\t\t\t\t\t<span class=\"elementor-button-content-wrapper\">\n\t\t\t\t\t\t\t\t\t<span class=\"elementor-button-text\">Vissza a kateg\u00f3ri\u00e1khoz<\/span>\n\t\t\t\t\t<\/span>\n\t\t\t\t\t<\/a>\n\t\t\t\t<\/div>\n\t\t\t\t\t\t\t\t<\/div>\n\t\t\t\t<\/div>\n\t\t\t\t\t<\/div>\n\t\t<\/div>\n\t\t\t\t\t<\/div>\n\t\t<\/section>\n\t\t\t\t<section class=\"elementor-section elementor-top-section elementor-element elementor-element-6f3c6cd elementor-section-boxed elementor-section-height-default elementor-section-height-default\" data-id=\"6f3c6cd\" data-element_type=\"section\" data-e-type=\"section\">\n\t\t\t\t\t\t<div class=\"elementor-container elementor-column-gap-default\">\n\t\t\t\t\t<div class=\"elementor-column elementor-col-25 elementor-top-column elementor-element elementor-element-55c2c49\" data-id=\"55c2c49\" data-element_type=\"column\" data-e-type=\"column\">\n\t\t\t<div class=\"elementor-widget-wrap elementor-element-populated\">\n\t\t\t\t\t\t<div class=\"elementor-element elementor-element-691a10a elementor-cta--skin-classic elementor-animated-content elementor-bg-transform elementor-bg-transform-zoom-in elementor-widget elementor-widget-call-to-action\" data-id=\"691a10a\" data-element_type=\"widget\" data-e-type=\"widget\" data-widget_type=\"call-to-action.default\">\n\t\t\t\t<div class=\"elementor-widget-container\">\n\t\t\t\t\t\t\t<div class=\"elementor-cta\">\n\t\t\t\t\t<div class=\"elementor-cta__bg-wrapper\">\n\t\t\t\t<div class=\"elementor-cta__bg elementor-bg\" style=\"background-image: url(https:\/\/iadesign.hu\/wp-content\/uploads\/2025\/01\/Rising_Rooms-1024x960.jpg);\" role=\"img\" aria-label=\"Rising_Rooms\"><\/div>\n\t\t\t\t<div class=\"elementor-cta__bg-overlay\"><\/div>\n\t\t\t<\/div>\n\t\t\t\t\t\t\t<div class=\"elementor-cta__content\">\n\t\t\t\t\n\t\t\t\t\t\t\t\t\t<h2 class=\"elementor-cta__title elementor-cta__content-item elementor-content-item\">\n\t\t\t\t\t\tKeleszt\u0151 kamr\u00e1k\t\t\t\t\t<\/h2>\n\t\t\t\t\n\t\t\t\t\n\t\t\t\t\t\t\t<\/div>\n\t\t\t\t\t\t<\/div>\n\t\t\t\t\t\t<\/div>\n\t\t\t\t<\/div>\n\t\t\t\t\t<\/div>\n\t\t<\/div>\n\t\t\t\t<div class=\"elementor-column elementor-col-25 elementor-top-column elementor-element elementor-element-128a965\" data-id=\"128a965\" data-element_type=\"column\" data-e-type=\"column\">\n\t\t\t<div class=\"elementor-widget-wrap elementor-element-populated\">\n\t\t\t\t\t\t<div class=\"elementor-element elementor-element-b8169d8 elementor-cta--skin-classic elementor-animated-content elementor-bg-transform elementor-bg-transform-zoom-in elementor-widget elementor-widget-call-to-action\" data-id=\"b8169d8\" data-element_type=\"widget\" data-e-type=\"widget\" data-widget_type=\"call-to-action.default\">\n\t\t\t\t<div class=\"elementor-widget-container\">\n\t\t\t\t\t\t\t<div class=\"elementor-cta\">\n\t\t\t\t\t<div class=\"elementor-cta__bg-wrapper\">\n\t\t\t\t<div class=\"elementor-cta__bg elementor-bg\" style=\"background-image: url(https:\/\/iadesign.hu\/wp-content\/uploads\/2025\/01\/Retarder_proofers-1024x960.jpg);\" role=\"img\" aria-label=\"Retarder_proofers\"><\/div>\n\t\t\t\t<div class=\"elementor-cta__bg-overlay\"><\/div>\n\t\t\t<\/div>\n\t\t\t\t\t\t\t<div class=\"elementor-cta__content\">\n\t\t\t\t\n\t\t\t\t\t\t\t\t\t<h2 class=\"elementor-cta__title elementor-cta__content-item elementor-content-item\">\n\t\t\t\t\t\tRetarder kamr\u00e1k\t\t\t\t\t<\/h2>\n\t\t\t\t\n\t\t\t\t\n\t\t\t\t\t\t\t<\/div>\n\t\t\t\t\t\t<\/div>\n\t\t\t\t\t\t<\/div>\n\t\t\t\t<\/div>\n\t\t\t\t\t<\/div>\n\t\t<\/div>\n\t\t\t\t<div class=\"elementor-column elementor-col-25 elementor-top-column elementor-element elementor-element-0894594\" data-id=\"0894594\" data-element_type=\"column\" data-e-type=\"column\">\n\t\t\t<div class=\"elementor-widget-wrap elementor-element-populated\">\n\t\t\t\t\t\t<div class=\"elementor-element elementor-element-cd9cd6f elementor-cta--skin-classic elementor-animated-content elementor-bg-transform elementor-bg-transform-zoom-in elementor-widget elementor-widget-call-to-action\" data-id=\"cd9cd6f\" data-element_type=\"widget\" data-e-type=\"widget\" data-widget_type=\"call-to-action.default\">\n\t\t\t\t<div class=\"elementor-widget-container\">\n\t\t\t\t\t\t\t<div class=\"elementor-cta\">\n\t\t\t\t\t<div class=\"elementor-cta__bg-wrapper\">\n\t\t\t\t<div class=\"elementor-cta__bg elementor-bg\" style=\"background-image: url(https:\/\/iadesign.hu\/wp-content\/uploads\/2025\/01\/Retarder_cabinets-1024x960.jpg);\" role=\"img\" aria-label=\"Retarder_cabinets\"><\/div>\n\t\t\t\t<div class=\"elementor-cta__bg-overlay\"><\/div>\n\t\t\t<\/div>\n\t\t\t\t\t\t\t<div class=\"elementor-cta__content\">\n\t\t\t\t\n\t\t\t\t\t\t\t\t\t<h2 class=\"elementor-cta__title elementor-cta__content-item elementor-content-item\">\n\t\t\t\t\t\tRetarder szekr\u00e9nyek\t\t\t\t\t<\/h2>\n\t\t\t\t\n\t\t\t\t\n\t\t\t\t\t\t\t<\/div>\n\t\t\t\t\t\t<\/div>\n\t\t\t\t\t\t<\/div>\n\t\t\t\t<\/div>\n\t\t\t\t\t<\/div>\n\t\t<\/div>\n\t\t\t\t<div class=\"elementor-column elementor-col-25 elementor-top-column elementor-element elementor-element-cb7c381\" data-id=\"cb7c381\" data-element_type=\"column\" data-e-type=\"column\">\n\t\t\t<div class=\"elementor-widget-wrap elementor-element-populated\">\n\t\t\t\t\t\t<div class=\"elementor-element elementor-element-6d43dcd elementor-cta--skin-classic elementor-animated-content elementor-bg-transform elementor-bg-transform-zoom-in elementor-widget elementor-widget-call-to-action\" data-id=\"6d43dcd\" data-element_type=\"widget\" data-e-type=\"widget\" data-widget_type=\"call-to-action.default\">\n\t\t\t\t<div class=\"elementor-widget-container\">\n\t\t\t\t\t\t\t<div class=\"elementor-cta\">\n\t\t\t\t\t<div class=\"elementor-cta__bg-wrapper\">\n\t\t\t\t<div class=\"elementor-cta__bg elementor-bg\" style=\"background-image: url(https:\/\/iadesign.hu\/wp-content\/uploads\/2025\/01\/Retarder_tables-1024x960.jpg);\" role=\"img\" aria-label=\"Retarder_tables\"><\/div>\n\t\t\t\t<div class=\"elementor-cta__bg-overlay\"><\/div>\n\t\t\t<\/div>\n\t\t\t\t\t\t\t<div class=\"elementor-cta__content\">\n\t\t\t\t\n\t\t\t\t\t\t\t\t\t<h2 class=\"elementor-cta__title elementor-cta__content-item elementor-content-item\">\n\t\t\t\t\t\tRetarder asztalok\t\t\t\t\t<\/h2>\n\t\t\t\t\n\t\t\t\t\n\t\t\t\t\t\t\t<\/div>\n\t\t\t\t\t\t<\/div>\n\t\t\t\t\t\t<\/div>\n\t\t\t\t<\/div>\n\t\t\t\t\t<\/div>\n\t\t<\/div>\n\t\t\t\t\t<\/div>\n\t\t<\/section>\n\t\t\t\t<section class=\"elementor-section elementor-top-section elementor-element elementor-element-92fbc2c elementor-section-boxed elementor-section-height-default elementor-section-height-default\" data-id=\"92fbc2c\" data-element_type=\"section\" data-e-type=\"section\">\n\t\t\t\t\t\t<div class=\"elementor-container elementor-column-gap-default\">\n\t\t\t\t\t<div class=\"elementor-column elementor-col-25 elementor-top-column elementor-element elementor-element-40d2a85\" data-id=\"40d2a85\" data-element_type=\"column\" data-e-type=\"column\">\n\t\t\t<div class=\"elementor-widget-wrap elementor-element-populated\">\n\t\t\t\t\t\t<div class=\"elementor-element elementor-element-8cd392b elementor-cta--skin-classic elementor-animated-content elementor-bg-transform elementor-bg-transform-zoom-in elementor-widget elementor-widget-call-to-action\" data-id=\"8cd392b\" data-element_type=\"widget\" data-e-type=\"widget\" data-widget_type=\"call-to-action.default\">\n\t\t\t\t<div class=\"elementor-widget-container\">\n\t\t\t\t\t\t\t<div class=\"elementor-cta\">\n\t\t\t\t\t<div class=\"elementor-cta__bg-wrapper\">\n\t\t\t\t<div class=\"elementor-cta__bg elementor-bg\" style=\"background-image: url(https:\/\/iadesign.hu\/wp-content\/uploads\/2025\/01\/Prefermentation_chamber-1024x960.jpg);\" role=\"img\" aria-label=\"Prefermentation_chamber\"><\/div>\n\t\t\t\t<div class=\"elementor-cta__bg-overlay\"><\/div>\n\t\t\t<\/div>\n\t\t\t\t\t\t\t<div class=\"elementor-cta__content\">\n\t\t\t\t\n\t\t\t\t\t\t\t\t\t<h2 class=\"elementor-cta__title elementor-cta__content-item elementor-content-item\">\n\t\t\t\t\t\tPreferment\u00e1ci\u00f3s kamra\t\t\t\t\t<\/h2>\n\t\t\t\t\n\t\t\t\t\n\t\t\t\t\t\t\t<\/div>\n\t\t\t\t\t\t<\/div>\n\t\t\t\t\t\t<\/div>\n\t\t\t\t<\/div>\n\t\t\t\t\t<\/div>\n\t\t<\/div>\n\t\t\t\t<div class=\"elementor-column elementor-col-25 elementor-top-column elementor-element elementor-element-5b94ab2\" data-id=\"5b94ab2\" data-element_type=\"column\" data-e-type=\"column\">\n\t\t\t<div class=\"elementor-widget-wrap\">\n\t\t\t\t\t\t\t<\/div>\n\t\t<\/div>\n\t\t\t\t<div class=\"elementor-column elementor-col-25 elementor-top-column elementor-element elementor-element-e238e86\" data-id=\"e238e86\" data-element_type=\"column\" data-e-type=\"column\">\n\t\t\t<div class=\"elementor-widget-wrap\">\n\t\t\t\t\t\t\t<\/div>\n\t\t<\/div>\n\t\t\t\t<div class=\"elementor-column elementor-col-25 elementor-top-column elementor-element elementor-element-45afb85\" data-id=\"45afb85\" data-element_type=\"column\" data-e-type=\"column\">\n\t\t\t<div class=\"elementor-widget-wrap\">\n\t\t\t\t\t\t\t<\/div>\n\t\t<\/div>\n\t\t\t\t\t<\/div>\n\t\t<\/section>\n\t\t\t\t<section class=\"elementor-section elementor-top-section elementor-element elementor-element-5383779 elementor-section-boxed elementor-section-height-default elementor-section-height-default\" data-id=\"5383779\" data-element_type=\"section\" data-e-type=\"section\" data-settings=\"{&quot;background_background&quot;:&quot;slideshow&quot;,&quot;background_slideshow_gallery&quot;:[{&quot;id&quot;:1730,&quot;url&quot;:&quot;https:\\\/\\\/iadesign.hu\\\/wp-content\\\/uploads\\\/2024\\\/11\\\/Csik_montazs.jpg&quot;}],&quot;background_slideshow_loop&quot;:&quot;yes&quot;,&quot;background_slideshow_slide_duration&quot;:5000,&quot;background_slideshow_slide_transition&quot;:&quot;fade&quot;,&quot;background_slideshow_transition_duration&quot;:500}\">\n\t\t\t\t\t\t<div class=\"elementor-container elementor-column-gap-default\">\n\t\t\t\t\t<div class=\"elementor-column elementor-col-100 elementor-top-column elementor-element elementor-element-4165e49\" data-id=\"4165e49\" data-element_type=\"column\" data-e-type=\"column\">\n\t\t\t<div class=\"elementor-widget-wrap elementor-element-populated\">\n\t\t\t\t\t\t<div class=\"elementor-element elementor-element-4b3d34b elementor-widget elementor-widget-heading\" data-id=\"4b3d34b\" data-element_type=\"widget\" data-e-type=\"widget\" data-widget_type=\"heading.default\">\n\t\t\t\t<div class=\"elementor-widget-container\">\n\t\t\t\t\t<h2 class=\"elementor-heading-title elementor-size-default\">Seg\u00edts\u00e9gre van sz\u00fcks\u00e9ge a megfelel\u0151 term\u00e9k kiv\u00e1laszt\u00e1s\u00e1ban?<\/h2>\t\t\t\t<\/div>\n\t\t\t\t<\/div>\n\t\t\t\t<div class=\"elementor-element elementor-element-03485a1 elementor-widget elementor-widget-text-editor\" data-id=\"03485a1\" data-element_type=\"widget\" data-e-type=\"widget\" data-widget_type=\"text-editor.default\">\n\t\t\t\t<div class=\"elementor-widget-container\">\n\t\t\t\t\t\t\t\t\t<p>Ig\u00e9nyeljen INGYENES helysz\u00edni felm\u00e9r\u00e9st koll\u00e9g\u00e1inkt\u00f3l!<\/p>\t\t\t\t\t\t\t\t<\/div>\n\t\t\t\t<\/div>\n\t\t\t\t<div class=\"elementor-element elementor-element-31c686f elementor-align-center elementor-widget elementor-widget-button\" data-id=\"31c686f\" data-element_type=\"widget\" data-e-type=\"widget\" data-widget_type=\"button.default\">\n\t\t\t\t<div class=\"elementor-widget-container\">\n\t\t\t\t\t\t\t\t\t<div class=\"elementor-button-wrapper\">\n\t\t\t\t\t<a class=\"elementor-button elementor-button-link elementor-size-sm\" href=\"https:\/\/iadesign.hu\/kapcsolat\/\">\n\t\t\t\t\t\t<span class=\"elementor-button-content-wrapper\">\n\t\t\t\t\t\t\t\t\t<span class=\"elementor-button-text\">K\u00e9rje munkat\u00e1rsunk seg\u00edts\u00e9g\u00e9t!<\/span>\n\t\t\t\t\t<\/span>\n\t\t\t\t\t<\/a>\n\t\t\t\t<\/div>\n\t\t\t\t\t\t\t\t<\/div>\n\t\t\t\t<\/div>\n\t\t\t\t\t<\/div>\n\t\t<\/div>\n\t\t\t\t\t<\/div>\n\t\t<\/section>\n\t\t\t\t<\/div>\n\t\t","protected":false},"excerpt":{"rendered":"<p>Pihentet\u0151k, keleszt\u0151k A s\u00fct\u0151ipari pihentet\u0151 \u00e9s keleszt\u0151 g\u00e9pek forradalmas\u00edtj\u00e1k a t\u00e9szta el\u0151k\u00e9sz\u00edt\u00e9s\u00e9t, biztos\u00edtva a t\u00f6k\u00e9letes \u00e1llagot \u00e9s \u00edzt, mik\u00f6zben id\u0151t \u00e9s energi\u00e1t takar\u00edtanak meg a termel\u00e9sben! A s\u00fct\u0151ipari pihentet\u0151 g\u00e9pek &#8230;<\/p>","protected":false},"author":1,"featured_media":0,"parent":3330,"menu_order":0,"comment_status":"closed","ping_status":"closed","template":"elementor_header_footer","meta":{"_seopress_robots_primary_cat":"","_seopress_titles_title":"","_seopress_titles_desc":"","_seopress_robots_index":"","iawp_total_views":19,"footnotes":""},"class_list":["post-3492","page","type-page","status-publish","hentry"],"_links":{"self":[{"href":"https:\/\/iadesign.hu\/en\/wp-json\/wp\/v2\/pages\/3492","targetHints":{"allow":["GET"]}}],"collection":[{"href":"https:\/\/iadesign.hu\/en\/wp-json\/wp\/v2\/pages"}],"about":[{"href":"https:\/\/iadesign.hu\/en\/wp-json\/wp\/v2\/types\/page"}],"author":[{"embeddable":true,"href":"https:\/\/iadesign.hu\/en\/wp-json\/wp\/v2\/users\/1"}],"replies":[{"embeddable":true,"href":"https:\/\/iadesign.hu\/en\/wp-json\/wp\/v2\/comments?post=3492"}],"version-history":[{"count":10,"href":"https:\/\/iadesign.hu\/en\/wp-json\/wp\/v2\/pages\/3492\/revisions"}],"predecessor-version":[{"id":3528,"href":"https:\/\/iadesign.hu\/en\/wp-json\/wp\/v2\/pages\/3492\/revisions\/3528"}],"up":[{"embeddable":true,"href":"https:\/\/iadesign.hu\/en\/wp-json\/wp\/v2\/pages\/3330"}],"wp:attachment":[{"href":"https:\/\/iadesign.hu\/en\/wp-json\/wp\/v2\/media?parent=3492"}],"curies":[{"name":"wp","href":"https:\/\/api.w.org\/{rel}","templated":true}]}}