{"id":1719,"date":"2024-11-25T17:21:29","date_gmt":"2024-11-25T17:21:29","guid":{"rendered":"https:\/\/iadesign.hu\/?page_id=1719"},"modified":"2025-01-20T17:09:02","modified_gmt":"2025-01-20T17:09:02","slug":"szolgaltatasaink","status":"publish","type":"page","link":"https:\/\/iadesign.hu\/it\/szolgaltatasaink\/","title":{"rendered":"Szolg\u00e1ltat\u00e1saink"},"content":{"rendered":"\t\t<div data-elementor-type=\"wp-page\" data-elementor-id=\"1719\" class=\"elementor elementor-1719\" data-elementor-post-type=\"page\">\n\t\t\t\t\t\t<section class=\"elementor-section elementor-top-section elementor-element elementor-element-f2869a2 elementor-section-boxed elementor-section-height-default elementor-section-height-default\" data-id=\"f2869a2\" data-element_type=\"section\" data-e-type=\"section\" data-settings=\"{&quot;background_background&quot;:&quot;classic&quot;}\">\n\t\t\t\t\t\t<div class=\"elementor-container elementor-column-gap-default\">\n\t\t\t\t\t<div class=\"elementor-column elementor-col-100 elementor-top-column elementor-element elementor-element-7a61d80\" data-id=\"7a61d80\" data-element_type=\"column\" data-e-type=\"column\">\n\t\t\t<div class=\"elementor-widget-wrap elementor-element-populated\">\n\t\t\t\t\t\t<div class=\"elementor-element elementor-element-f600757 elementor-widget elementor-widget-text-editor\" data-id=\"f600757\" data-element_type=\"widget\" data-e-type=\"widget\" data-widget_type=\"text-editor.default\">\n\t\t\t\t<div class=\"elementor-widget-container\">\n\t\t\t\t\t\t\t\t\t<p>Az IA design csapata a leg\u00fajabb technol\u00f3gi\u00e1kat alkalmazza, hogy \u00fcgyfeleinknek magas szint\u0171 precizit\u00e1st \u00e9s hat\u00e9konys\u00e1got tudjunk biztos\u00edtani. Munk\u00e1nk sor\u00e1n \u00f6sszpontos\u00edtunk a fenntarthat\u00f3 \u00e9s innovat\u00edv megold\u00e1sok kialak\u00edt\u00e1s\u00e1ra, melyek a j\u00f6v\u0151 gy\u00e1rt\u00e1si kih\u00edv\u00e1sait kezelik.<\/p><p>Rugalmas csapatunk a legmagasabb min\u0151s\u00e9gi \u00e9s hat\u00e9konys\u00e1gi szabv\u00e1nyoknak megfelel\u0151en hozza l\u00e9tre az egyedi g\u00e9peket, az \u00fcgyf\u00e9l el\u00e9gedetts\u00e9g\u00e9t szem el\u0151tt tartva.<\/p>\t\t\t\t\t\t\t\t<\/div>\n\t\t\t\t<\/div>\n\t\t\t\t\t<\/div>\n\t\t<\/div>\n\t\t\t\t\t<\/div>\n\t\t<\/section>\n\t\t\t\t<section class=\"elementor-section elementor-top-section elementor-element elementor-element-386cde9 elementor-section-boxed elementor-section-height-default elementor-section-height-default\" data-id=\"386cde9\" data-element_type=\"section\" data-e-type=\"section\">\n\t\t\t\t\t\t<div class=\"elementor-container elementor-column-gap-default\">\n\t\t\t\t\t<div class=\"elementor-column elementor-col-100 elementor-top-column elementor-element elementor-element-aaf9ee4\" data-id=\"aaf9ee4\" data-element_type=\"column\" data-e-type=\"column\">\n\t\t\t<div class=\"elementor-widget-wrap elementor-element-populated\">\n\t\t\t\t\t\t<div class=\"elementor-element elementor-element-aa89116 elementor-widget elementor-widget-heading\" data-id=\"aa89116\" data-element_type=\"widget\" data-e-type=\"widget\" data-widget_type=\"heading.default\">\n\t\t\t\t<div class=\"elementor-widget-container\">\n\t\t\t\t\t<h2 class=\"elementor-heading-title elementor-size-default\">Szolg\u00e1ltat\u00e1saink<\/h2>\t\t\t\t<\/div>\n\t\t\t\t<\/div>\n\t\t\t\t\t<\/div>\n\t\t<\/div>\n\t\t\t\t\t<\/div>\n\t\t<\/section>\n\t\t\t\t<section class=\"elementor-section elementor-top-section elementor-element elementor-element-d133ba0 elementor-section-boxed elementor-section-height-default elementor-section-height-default\" data-id=\"d133ba0\" data-element_type=\"section\" data-e-type=\"section\">\n\t\t\t\t\t\t<div class=\"elementor-container elementor-column-gap-default\">\n\t\t\t\t\t<div class=\"elementor-column elementor-col-25 elementor-top-column elementor-element elementor-element-ef4d38a\" data-id=\"ef4d38a\" data-element_type=\"column\" data-e-type=\"column\">\n\t\t\t<div class=\"elementor-widget-wrap elementor-element-populated\">\n\t\t\t\t\t\t<div class=\"elementor-element elementor-element-200e6e2 elementor-cta--layout-image-below elementor-cta--valign-top elementor-cta--skin-classic elementor-animated-content elementor-bg-transform elementor-bg-transform-zoom-in elementor-widget elementor-widget-call-to-action\" data-id=\"200e6e2\" data-element_type=\"widget\" data-e-type=\"widget\" data-widget_type=\"call-to-action.default\">\n\t\t\t\t<div class=\"elementor-widget-container\">\n\t\t\t\t\t\t\t<div class=\"elementor-cta\">\n\t\t\t\t\t<div class=\"elementor-cta__bg-wrapper\">\n\t\t\t\t<div class=\"elementor-cta__bg elementor-bg\" style=\"background-image: url(https:\/\/iadesign.hu\/wp-content\/uploads\/2024\/01\/21-00-0000-00_Hypo_tolto_02_PS_atlatszo-1024x662.png);\" role=\"img\" aria-label=\"21-00-0000-00_Hypo_tolto_02_PS_atlatszo\"><\/div>\n\t\t\t\t<div class=\"elementor-cta__bg-overlay\"><\/div>\n\t\t\t<\/div>\n\t\t\t\t\t\t\t<div class=\"elementor-cta__content\">\n\t\t\t\t\n\t\t\t\t\t\t\t\t\t<h2 class=\"elementor-cta__title elementor-cta__content-item elementor-content-item\">\n\t\t\t\t\t\tEgyedi c\u00e9lg\u00e9pek tervez\u00e9se \u00e9s kivitelez\u00e9se\t\t\t\t\t<\/h2>\n\t\t\t\t\n\t\t\t\t\t\t\t\t\t<div class=\"elementor-cta__description elementor-cta__content-item elementor-content-item\">\n\t\t\t\t\t\tAz egyedi c\u00e9lg\u00e9pgy\u00e1rt\u00e1s sor\u00e1n szakembereink prec\u00edzen tervezik \u00e9s kivitelezik a g\u00e9peket, maxim\u00e1lisan alkalmazkodva \u00fcgyfeleink specifikus ig\u00e9nyeihez.\t\t\t\t\t<\/div>\n\t\t\t\t\n\t\t\t\t\t\t\t<\/div>\n\t\t\t\t\t\t<\/div>\n\t\t\t\t\t\t<\/div>\n\t\t\t\t<\/div>\n\t\t\t\t\t<\/div>\n\t\t<\/div>\n\t\t\t\t<div class=\"elementor-column elementor-col-25 elementor-top-column elementor-element elementor-element-8e09ce9\" data-id=\"8e09ce9\" data-element_type=\"column\" data-e-type=\"column\">\n\t\t\t<div class=\"elementor-widget-wrap elementor-element-populated\">\n\t\t\t\t\t\t<div class=\"elementor-element elementor-element-3a5c39f elementor-cta--layout-image-below elementor-cta--valign-top elementor-cta--skin-classic elementor-animated-content elementor-bg-transform elementor-bg-transform-zoom-in elementor-widget elementor-widget-call-to-action\" data-id=\"3a5c39f\" data-element_type=\"widget\" data-e-type=\"widget\" data-widget_type=\"call-to-action.default\">\n\t\t\t\t<div class=\"elementor-widget-container\">\n\t\t\t\t\t\t\t<div class=\"elementor-cta\">\n\t\t\t\t\t<div class=\"elementor-cta__bg-wrapper\">\n\t\t\t\t<div class=\"elementor-cta__bg elementor-bg\" style=\"background-image: url(https:\/\/iadesign.hu\/wp-content\/uploads\/2024\/11\/Mernoki_tevekenyseg-1024x564.jpg);\" role=\"img\" aria-label=\"Mernoki_tevekenyseg\"><\/div>\n\t\t\t\t<div class=\"elementor-cta__bg-overlay\"><\/div>\n\t\t\t<\/div>\n\t\t\t\t\t\t\t<div class=\"elementor-cta__content\">\n\t\t\t\t\n\t\t\t\t\t\t\t\t\t<h2 class=\"elementor-cta__title elementor-cta__content-item elementor-content-item\">\n\t\t\t\t\t\tM\u00e9rn\u00f6ki tev\u00e9kenys\u00e9gek\t\t\t\t\t<\/h2>\n\t\t\t\t\n\t\t\t\t\t\t\t\t\t<div class=\"elementor-cta__description elementor-cta__content-item elementor-content-item\">\n\t\t\t\t\t\tJ\u00f3 r\u00e1l\u00e1t\u00e1ssal optimaliz\u00e1ljuk a gy\u00e1rt\u00e1si folyamatokat. A megl\u00e9v\u0151 gy\u00e1rt\u00e1si technol\u00f3gi\u00e1t elemezve javaslatot tesz\u00fcnk a hat\u00e9konys\u00e1g n\u00f6vel\u00e9s\u00e9re, az ergonomikusabb \u00e9s biztons\u00e1gosabb munkak\u00f6rnyezet jav\u00edt\u00e1s\u00e1ra.\t\t\t\t\t<\/div>\n\t\t\t\t\n\t\t\t\t\t\t\t<\/div>\n\t\t\t\t\t\t<\/div>\n\t\t\t\t\t\t<\/div>\n\t\t\t\t<\/div>\n\t\t\t\t\t<\/div>\n\t\t<\/div>\n\t\t\t\t<div class=\"elementor-column elementor-col-25 elementor-top-column elementor-element elementor-element-a35122d\" data-id=\"a35122d\" data-element_type=\"column\" data-e-type=\"column\">\n\t\t\t<div class=\"elementor-widget-wrap elementor-element-populated\">\n\t\t\t\t\t\t<div class=\"elementor-element elementor-element-38a78ef elementor-cta--layout-image-below elementor-cta--valign-top elementor-cta--skin-classic elementor-animated-content elementor-bg-transform elementor-bg-transform-zoom-in elementor-widget elementor-widget-call-to-action\" data-id=\"38a78ef\" data-element_type=\"widget\" data-e-type=\"widget\" data-widget_type=\"call-to-action.default\">\n\t\t\t\t<div class=\"elementor-widget-container\">\n\t\t\t\t\t\t\t<div class=\"elementor-cta\">\n\t\t\t\t\t<div class=\"elementor-cta__bg-wrapper\">\n\t\t\t\t<div class=\"elementor-cta__bg elementor-bg\" style=\"background-image: url(https:\/\/iadesign.hu\/wp-content\/uploads\/2024\/11\/Villamos_tervezes.jpg);\" role=\"img\" aria-label=\"Villamos_tervezes\"><\/div>\n\t\t\t\t<div class=\"elementor-cta__bg-overlay\"><\/div>\n\t\t\t<\/div>\n\t\t\t\t\t\t\t<div class=\"elementor-cta__content\">\n\t\t\t\t\n\t\t\t\t\t\t\t\t\t<h2 class=\"elementor-cta__title elementor-cta__content-item elementor-content-item\">\n\t\t\t\t\t\tVillamos tervez\u00e9si munk\u00e1k\t\t\t\t\t<\/h2>\n\t\t\t\t\n\t\t\t\t\t\t\t\t\t<div class=\"elementor-cta__description elementor-cta__content-item elementor-content-item\">\n\t\t\t\t\t\tV\u00e1llaljuk egyedi berendez\u00e9sek \u00e9s gy\u00e1rt\u00f3sorok villamos tervez\u00e9s\u00e9t.\t\t\t\t\t<\/div>\n\t\t\t\t\n\t\t\t\t\t\t\t<\/div>\n\t\t\t\t\t\t<\/div>\n\t\t\t\t\t\t<\/div>\n\t\t\t\t<\/div>\n\t\t\t\t\t<\/div>\n\t\t<\/div>\n\t\t\t\t<div class=\"elementor-column elementor-col-25 elementor-top-column elementor-element elementor-element-fc43f86\" data-id=\"fc43f86\" data-element_type=\"column\" data-e-type=\"column\">\n\t\t\t<div class=\"elementor-widget-wrap elementor-element-populated\">\n\t\t\t\t\t\t<div class=\"elementor-element elementor-element-b1f4175 elementor-cta--layout-image-below elementor-cta--valign-top elementor-cta--skin-classic elementor-animated-content elementor-bg-transform elementor-bg-transform-zoom-in elementor-widget elementor-widget-call-to-action\" data-id=\"b1f4175\" data-element_type=\"widget\" data-e-type=\"widget\" data-widget_type=\"call-to-action.default\">\n\t\t\t\t<div class=\"elementor-widget-container\">\n\t\t\t\t\t\t\t<div class=\"elementor-cta\">\n\t\t\t\t\t<div class=\"elementor-cta__bg-wrapper\">\n\t\t\t\t<div class=\"elementor-cta__bg elementor-bg\" style=\"background-image: url(https:\/\/iadesign.hu\/wp-content\/uploads\/2024\/11\/PLC-1024x575.jpg);\" role=\"img\" aria-label=\"PLC\"><\/div>\n\t\t\t\t<div class=\"elementor-cta__bg-overlay\"><\/div>\n\t\t\t<\/div>\n\t\t\t\t\t\t\t<div class=\"elementor-cta__content\">\n\t\t\t\t\n\t\t\t\t\t\t\t\t\t<h2 class=\"elementor-cta__title elementor-cta__content-item elementor-content-item\">\n\t\t\t\t\t\tPLC \u00e9s PC programoz\u00e1s\t\t\t\t\t<\/h2>\n\t\t\t\t\n\t\t\t\t\t\t\t\t\t<div class=\"elementor-cta__description elementor-cta__content-item elementor-content-item\">\n\t\t\t\t\t\tV\u00e1llaljuk egyedi berendez\u00e9sek \u00e9s gy\u00e1rt\u00f3sorok PLC \u00e9s PC programoz\u00e1s\u00e1t.<br>Tud\u00e1sunk naprak\u00e9sz <b>Siemens<\/b>, <b>Omron<\/b>, <b>Allen-Bradley<\/b>, <b>Beckhoff<\/b>, <b>Schneider Electric<\/b> \u00e9s <b>Delta<\/b> PLC-k programoz\u00e1s\u00e1ban.\t\t\t\t\t<\/div>\n\t\t\t\t\n\t\t\t\t\t\t\t<\/div>\n\t\t\t\t\t\t<\/div>\n\t\t\t\t\t\t<\/div>\n\t\t\t\t<\/div>\n\t\t\t\t\t<\/div>\n\t\t<\/div>\n\t\t\t\t\t<\/div>\n\t\t<\/section>\n\t\t\t\t<section class=\"elementor-section elementor-top-section elementor-element elementor-element-20d29f0 elementor-section-boxed elementor-section-height-default elementor-section-height-default\" data-id=\"20d29f0\" data-element_type=\"section\" data-e-type=\"section\">\n\t\t\t\t\t\t<div class=\"elementor-container elementor-column-gap-default\">\n\t\t\t\t\t<div class=\"elementor-column elementor-col-25 elementor-top-column elementor-element elementor-element-3dfbffd\" data-id=\"3dfbffd\" data-element_type=\"column\" data-e-type=\"column\">\n\t\t\t<div class=\"elementor-widget-wrap elementor-element-populated\">\n\t\t\t\t\t\t<div class=\"elementor-element elementor-element-cb357ad elementor-cta--layout-image-below elementor-cta--valign-top elementor-cta--skin-classic elementor-animated-content elementor-bg-transform elementor-bg-transform-zoom-in elementor-widget elementor-widget-call-to-action\" data-id=\"cb357ad\" data-element_type=\"widget\" data-e-type=\"widget\" data-widget_type=\"call-to-action.default\">\n\t\t\t\t<div class=\"elementor-widget-container\">\n\t\t\t\t\t\t\t<div class=\"elementor-cta\">\n\t\t\t\t\t<div class=\"elementor-cta__bg-wrapper\">\n\t\t\t\t<div class=\"elementor-cta__bg elementor-bg\" style=\"background-image: url(https:\/\/iadesign.hu\/wp-content\/uploads\/2024\/11\/Ipari_robotok.jpg);\" role=\"img\" aria-label=\"Ipari_robotok\"><\/div>\n\t\t\t\t<div class=\"elementor-cta__bg-overlay\"><\/div>\n\t\t\t<\/div>\n\t\t\t\t\t\t\t<div class=\"elementor-cta__content\">\n\t\t\t\t\n\t\t\t\t\t\t\t\t\t<h2 class=\"elementor-cta__title elementor-cta__content-item elementor-content-item\">\n\t\t\t\t\t\tIpari robotok, robotcell\u00e1k telep\u00edt\u00e9se \u00e9s programoz\u00e1sa\t\t\t\t\t<\/h2>\n\t\t\t\t\n\t\t\t\t\t\t\t\t\t<div class=\"elementor-cta__description elementor-cta__content-item elementor-content-item\">\n\t\t\t\t\t\tV\u00e1llaljuk komplett robotcell\u00e1k tervez\u00e9s\u00e9t, programoz\u00e1s\u00e1t \u00e9s kivitelez\u00e9s\u00e9t.<br>Tud\u00e1sunk naprak\u00e9sz <b>Fanuc<\/b>, <b>Kuka<\/b>, <b>Universel Robots<\/b>, <b>ABB <\/b>robotok programoz\u00e1s\u00e1ban.<br>(6 tengelyes, Scara, kollaborat\u00edv)\t\t\t\t\t<\/div>\n\t\t\t\t\n\t\t\t\t\t\t\t<\/div>\n\t\t\t\t\t\t<\/div>\n\t\t\t\t\t\t<\/div>\n\t\t\t\t<\/div>\n\t\t\t\t\t<\/div>\n\t\t<\/div>\n\t\t\t\t<div class=\"elementor-column elementor-col-25 elementor-top-column elementor-element elementor-element-8189918\" data-id=\"8189918\" data-element_type=\"column\" data-e-type=\"column\">\n\t\t\t<div class=\"elementor-widget-wrap elementor-element-populated\">\n\t\t\t\t\t\t<div class=\"elementor-element elementor-element-ac9a9e1 elementor-cta--layout-image-below elementor-cta--valign-top elementor-cta--skin-classic elementor-animated-content elementor-bg-transform elementor-bg-transform-zoom-in elementor-widget elementor-widget-call-to-action\" data-id=\"ac9a9e1\" data-element_type=\"widget\" data-e-type=\"widget\" data-widget_type=\"call-to-action.default\">\n\t\t\t\t<div class=\"elementor-widget-container\">\n\t\t\t\t\t\t\t<div class=\"elementor-cta\">\n\t\t\t\t\t<div class=\"elementor-cta__bg-wrapper\">\n\t\t\t\t<div class=\"elementor-cta__bg elementor-bg\" style=\"background-image: url(https:\/\/iadesign.hu\/wp-content\/uploads\/2024\/11\/Keyence2.jpg);\" role=\"img\" aria-label=\"Keyence2\"><\/div>\n\t\t\t\t<div class=\"elementor-cta__bg-overlay\"><\/div>\n\t\t\t<\/div>\n\t\t\t\t\t\t\t<div class=\"elementor-cta__content\">\n\t\t\t\t\n\t\t\t\t\t\t\t\t\t<h2 class=\"elementor-cta__title elementor-cta__content-item elementor-content-item\">\n\t\t\t\t\t\tKamer\u00e1s ellen\u0151rz\u0151 \u00e9s v\u00e1logat\u00f3 k\u00e9sz\u00fcl\u00e9kek\t\t\t\t\t<\/h2>\n\t\t\t\t\n\t\t\t\t\t\t\t\t\t<div class=\"elementor-cta__description elementor-cta__content-item elementor-content-item\">\n\t\t\t\t\t\tV\u00e1llaljuk kamer\u00e1s ellen\u00f6rz\u0151rendszerek, berendez\u00e9sek \u00e9s robotos Pickit alkalmaz\u00e1sok programoz\u00e1s\u00e1t.<br>Tud\u00e1sunk naprak\u00e9sz <b>Keyence<\/b>, <b>Omron<\/b>, <b>Cognex<\/b> \u00e9s <b>Pickit<\/b> kamer\u00e1k programoz\u00e1s\u00e1ban.\t\t\t\t\t<\/div>\n\t\t\t\t\n\t\t\t\t\t\t\t<\/div>\n\t\t\t\t\t\t<\/div>\n\t\t\t\t\t\t<\/div>\n\t\t\t\t<\/div>\n\t\t\t\t\t<\/div>\n\t\t<\/div>\n\t\t\t\t<div class=\"elementor-column elementor-col-25 elementor-top-column elementor-element elementor-element-c939570\" data-id=\"c939570\" data-element_type=\"column\" data-e-type=\"column\">\n\t\t\t<div class=\"elementor-widget-wrap elementor-element-populated\">\n\t\t\t\t\t\t<div class=\"elementor-element elementor-element-21b9b84 elementor-cta--layout-image-below elementor-cta--valign-top elementor-cta--skin-classic elementor-animated-content elementor-bg-transform elementor-bg-transform-zoom-in elementor-widget elementor-widget-call-to-action\" data-id=\"21b9b84\" data-element_type=\"widget\" data-e-type=\"widget\" data-widget_type=\"call-to-action.default\">\n\t\t\t\t<div class=\"elementor-widget-container\">\n\t\t\t\t\t\t\t<div class=\"elementor-cta\">\n\t\t\t\t\t<div class=\"elementor-cta__bg-wrapper\">\n\t\t\t\t<div class=\"elementor-cta__bg elementor-bg\" style=\"background-image: url(https:\/\/iadesign.hu\/wp-content\/uploads\/2024\/11\/Villamosszekreny-770x1024.jpg);\" role=\"img\" aria-label=\"Villamosszekreny\"><\/div>\n\t\t\t\t<div class=\"elementor-cta__bg-overlay\"><\/div>\n\t\t\t<\/div>\n\t\t\t\t\t\t\t<div class=\"elementor-cta__content\">\n\t\t\t\t\n\t\t\t\t\t\t\t\t\t<h2 class=\"elementor-cta__title elementor-cta__content-item elementor-content-item\">\n\t\t\t\t\t\tEgyedi vez\u00e9rl\u0151szekr\u00e9nyek szerel\u00e9se\t\t\t\t\t<\/h2>\n\t\t\t\t\n\t\t\t\t\t\t\t\t\t<div class=\"elementor-cta__description elementor-cta__content-item elementor-content-item\">\n\t\t\t\t\t\tV\u00e1llaljuk ak\u00e1r \u00faj villamos vez\u00e9rl\u0151szekr\u00e9nyek \u00e9p\u00edt\u00e9s\u00e9t megl\u00e9v\u0151 rajzok alapj\u00e1n vagy ak\u00e1r r\u00e9gi vez\u00e9rl\u0151szekr\u00e9nyek \u00e1talak\u00edt\u00e1s\u00e1t.\t\t\t\t\t<\/div>\n\t\t\t\t\n\t\t\t\t\t\t\t<\/div>\n\t\t\t\t\t\t<\/div>\n\t\t\t\t\t\t<\/div>\n\t\t\t\t<\/div>\n\t\t\t\t\t<\/div>\n\t\t<\/div>\n\t\t\t\t<div class=\"elementor-column elementor-col-25 elementor-top-column elementor-element elementor-element-0cecdd2\" data-id=\"0cecdd2\" data-element_type=\"column\" data-e-type=\"column\">\n\t\t\t<div class=\"elementor-widget-wrap elementor-element-populated\">\n\t\t\t\t\t\t<div class=\"elementor-element elementor-element-022185f elementor-cta--layout-image-below elementor-cta--valign-top elementor-cta--skin-classic elementor-animated-content elementor-bg-transform elementor-bg-transform-zoom-in elementor-widget elementor-widget-call-to-action\" data-id=\"022185f\" data-element_type=\"widget\" data-e-type=\"widget\" data-widget_type=\"call-to-action.default\">\n\t\t\t\t<div class=\"elementor-widget-container\">\n\t\t\t\t\t\t\t<div class=\"elementor-cta\">\n\t\t\t\t\t<div class=\"elementor-cta__bg-wrapper\">\n\t\t\t\t<div class=\"elementor-cta__bg elementor-bg\" style=\"background-image: url(https:\/\/iadesign.hu\/wp-content\/uploads\/2024\/11\/Karbantartas2-1024x794.jpg);\" role=\"img\" aria-label=\"Karbantartas2\"><\/div>\n\t\t\t\t<div class=\"elementor-cta__bg-overlay\"><\/div>\n\t\t\t<\/div>\n\t\t\t\t\t\t\t<div class=\"elementor-cta__content\">\n\t\t\t\t\n\t\t\t\t\t\t\t\t\t<h2 class=\"elementor-cta__title elementor-cta__content-item elementor-content-item\">\n\t\t\t\t\t\tG\u00e9pkarbantart\u00e1s<br>(nem saj\u00e1t g\u00e9pekre is)\t\t\t\t\t<\/h2>\n\t\t\t\t\n\t\t\t\t\t\t\t\t\t<div class=\"elementor-cta__description elementor-cta__content-item elementor-content-item\">\n\t\t\t\t\t\tV\u00e1llaljuk g\u00e9pek \u00e9s gy\u00e1rt\u00f3sorok karbantart\u00e1s\u00e1t, korszer\u0171s\u00edt\u00e9s\u00e9t, telep\u00edt\u00e9s\u00e9t.\nMeghib\u00e1sodott alkatr\u00e9szek cser\u00e9j\u00e9t, kiv\u00e1lt\u00f3 elemek tervez\u00e9s\u00e9t-gy\u00e1rt\u00e1s\u00e1t.<br>\t\t\t\t\t<\/div>\n\t\t\t\t\n\t\t\t\t\t\t\t<\/div>\n\t\t\t\t\t\t<\/div>\n\t\t\t\t\t\t<\/div>\n\t\t\t\t<\/div>\n\t\t\t\t\t<\/div>\n\t\t<\/div>\n\t\t\t\t\t<\/div>\n\t\t<\/section>\n\t\t\t\t<section class=\"elementor-section elementor-top-section elementor-element elementor-element-ae3a287 elementor-section-boxed elementor-section-height-default elementor-section-height-default\" data-id=\"ae3a287\" data-element_type=\"section\" data-e-type=\"section\" data-settings=\"{&quot;background_background&quot;:&quot;slideshow&quot;,&quot;background_slideshow_gallery&quot;:[{&quot;id&quot;:1730,&quot;url&quot;:&quot;https:\\\/\\\/iadesign.hu\\\/wp-content\\\/uploads\\\/2024\\\/11\\\/Csik_montazs.jpg&quot;}],&quot;background_slideshow_loop&quot;:&quot;yes&quot;,&quot;background_slideshow_slide_duration&quot;:5000,&quot;background_slideshow_slide_transition&quot;:&quot;fade&quot;,&quot;background_slideshow_transition_duration&quot;:500}\">\n\t\t\t\t\t\t<div class=\"elementor-container elementor-column-gap-default\">\n\t\t\t\t\t<div class=\"elementor-column elementor-col-100 elementor-top-column elementor-element elementor-element-dc54e99\" data-id=\"dc54e99\" data-element_type=\"column\" data-e-type=\"column\">\n\t\t\t<div class=\"elementor-widget-wrap elementor-element-populated\">\n\t\t\t\t\t\t<div class=\"elementor-element elementor-element-6efa283 elementor-widget elementor-widget-heading\" data-id=\"6efa283\" data-element_type=\"widget\" data-e-type=\"widget\" data-widget_type=\"heading.default\">\n\t\t\t\t<div class=\"elementor-widget-container\">\n\t\t\t\t\t<h2 class=\"elementor-heading-title elementor-size-default\">\u00c9rdeklik az automatiz\u00e1l\u00e1s ny\u00fajtotta lehet\u0151s\u00e9gek?<\/h2>\t\t\t\t<\/div>\n\t\t\t\t<\/div>\n\t\t\t\t<div class=\"elementor-element elementor-element-9eae8c5 elementor-widget elementor-widget-text-editor\" data-id=\"9eae8c5\" data-element_type=\"widget\" data-e-type=\"widget\" data-widget_type=\"text-editor.default\">\n\t\t\t\t<div class=\"elementor-widget-container\">\n\t\t\t\t\t\t\t\t\t<p>Ig\u00e9nyeljen INGYENES helysz\u00edni felm\u00e9r\u00e9st koll\u00e9g\u00e1inkt\u00f3l!<\/p>\t\t\t\t\t\t\t\t<\/div>\n\t\t\t\t<\/div>\n\t\t\t\t<div class=\"elementor-element elementor-element-ab4cd2b elementor-align-center elementor-widget elementor-widget-button\" data-id=\"ab4cd2b\" data-element_type=\"widget\" data-e-type=\"widget\" data-widget_type=\"button.default\">\n\t\t\t\t<div class=\"elementor-widget-container\">\n\t\t\t\t\t\t\t\t\t<div class=\"elementor-button-wrapper\">\n\t\t\t\t\t<a class=\"elementor-button elementor-button-link elementor-size-sm\" href=\"https:\/\/iadesign.hu\/kapcsolat\/\">\n\t\t\t\t\t\t<span class=\"elementor-button-content-wrapper\">\n\t\t\t\t\t\t\t\t\t<span class=\"elementor-button-text\">K\u00e9rje munkat\u00e1rsunk seg\u00edts\u00e9g\u00e9t!<\/span>\n\t\t\t\t\t<\/span>\n\t\t\t\t\t<\/a>\n\t\t\t\t<\/div>\n\t\t\t\t\t\t\t\t<\/div>\n\t\t\t\t<\/div>\n\t\t\t\t\t<\/div>\n\t\t<\/div>\n\t\t\t\t\t<\/div>\n\t\t<\/section>\n\t\t\t\t<\/div>\n\t\t","protected":false},"excerpt":{"rendered":"<p>Az IA design csapata a leg\u00fajabb technol\u00f3gi\u00e1kat alkalmazza, hogy \u00fcgyfeleinknek magas szint\u0171 precizit\u00e1st \u00e9s hat\u00e9konys\u00e1got tudjunk biztos\u00edtani. Munk\u00e1nk sor\u00e1n \u00f6sszpontos\u00edtunk a fenntarthat\u00f3 \u00e9s innovat\u00edv megold\u00e1sok kialak\u00edt\u00e1s\u00e1ra, melyek a j\u00f6v\u0151 gy\u00e1rt\u00e1si &#8230;<\/p>","protected":false},"author":1,"featured_media":0,"parent":0,"menu_order":0,"comment_status":"closed","ping_status":"closed","template":"elementor_header_footer","meta":{"_seopress_robots_primary_cat":"","_seopress_titles_title":"","_seopress_titles_desc":"","_seopress_robots_index":"","iawp_total_views":68,"footnotes":""},"class_list":["post-1719","page","type-page","status-publish","hentry"],"_links":{"self":[{"href":"https:\/\/iadesign.hu\/it\/wp-json\/wp\/v2\/pages\/1719","targetHints":{"allow":["GET"]}}],"collection":[{"href":"https:\/\/iadesign.hu\/it\/wp-json\/wp\/v2\/pages"}],"about":[{"href":"https:\/\/iadesign.hu\/it\/wp-json\/wp\/v2\/types\/page"}],"author":[{"embeddable":true,"href":"https:\/\/iadesign.hu\/it\/wp-json\/wp\/v2\/users\/1"}],"replies":[{"embeddable":true,"href":"https:\/\/iadesign.hu\/it\/wp-json\/wp\/v2\/comments?post=1719"}],"version-history":[{"count":121,"href":"https:\/\/iadesign.hu\/it\/wp-json\/wp\/v2\/pages\/1719\/revisions"}],"predecessor-version":[{"id":3195,"href":"https:\/\/iadesign.hu\/it\/wp-json\/wp\/v2\/pages\/1719\/revisions\/3195"}],"wp:attachment":[{"href":"https:\/\/iadesign.hu\/it\/wp-json\/wp\/v2\/media?parent=1719"}],"curies":[{"name":"wp","href":"https:\/\/api.w.org\/{rel}","templated":true}]}}