{"id":2020,"date":"2024-11-27T15:28:14","date_gmt":"2024-11-27T15:28:14","guid":{"rendered":"https:\/\/iadesign.hu\/?page_id=2020"},"modified":"2024-11-27T16:48:13","modified_gmt":"2024-11-27T16:48:13","slug":"keverogepek","status":"publish","type":"page","link":"https:\/\/iadesign.hu\/it\/termekeink\/mfitaly-elelmiszeripari-gepek\/keverogepek\/","title":{"rendered":"Kever\u0151g\u00e9pek"},"content":{"rendered":"<div data-elementor-type=\"wp-page\" data-elementor-id=\"2020\" class=\"elementor elementor-2020\" data-elementor-post-type=\"page\">\n\t\t\t\t\t\t<section class=\"elementor-section elementor-top-section elementor-element elementor-element-9721da0 elementor-section-boxed elementor-section-height-default elementor-section-height-default\" data-id=\"9721da0\" data-element_type=\"section\" data-e-type=\"section\" data-settings=\"{&quot;background_background&quot;:&quot;classic&quot;}\">\n\t\t\t\t\t\t<div class=\"elementor-container elementor-column-gap-default\">\n\t\t\t\t\t<div class=\"elementor-column elementor-col-50 elementor-top-column elementor-element elementor-element-ddacb2e\" data-id=\"ddacb2e\" data-element_type=\"column\" data-e-type=\"column\">\n\t\t\t<div class=\"elementor-widget-wrap elementor-element-populated\">\n\t\t\t\t\t\t<div class=\"elementor-element elementor-element-6adb564 elementor-widget elementor-widget-heading\" data-id=\"6adb564\" data-element_type=\"widget\" data-e-type=\"widget\" data-widget_type=\"heading.default\">\n\t\t\t\t<div class=\"elementor-widget-container\">\n\t\t\t\t\t<h2 class=\"elementor-heading-title elementor-size-default\">mfitaly - a modern keny\u00e9rs\u00fct\u00e9s eszk\u00f6zei<\/h2>\t\t\t\t<\/div>\n\t\t\t\t<\/div>\n\t\t\t\t<div class=\"elementor-element elementor-element-39f9011 elementor-widget elementor-widget-text-editor\" data-id=\"39f9011\" data-element_type=\"widget\" data-e-type=\"widget\" data-widget_type=\"text-editor.default\">\n\t\t\t\t<div class=\"elementor-widget-container\">\n\t\t\t\t\t\t\t\t\t<p>Az <b>mfitaly<\/b> innovat\u00edv berendez\u00e9seket \u00e9s rendszereket tervez, gy\u00e1rt \u00e9s forgalmaz <b>p\u00e9ks\u00e9gek<\/b>, <b>cukr\u00e1zd\u00e1k<\/b> \u00e9s <b>pizzak\u00e9sz\u00edt\u0151k<\/b> sz\u00e1m\u00e1ra a vil\u00e1g minden t\u00e1j\u00e1n. Kiterjedt \u00e9s elismert term\u00e9kcsal\u00e1dunk lehet\u0151v\u00e9 teszi, hogy megfelel\u0151 megold\u00e1sokat k\u00edn\u00e1ljunk a mikroberendez\u00e9sm\u0171helyekt\u0151k a nagym\u00e9ret\u0171 gy\u00e1rt\u00f3berendez\u00e9sekig. Szak\u00e9rt\u0151i csapatunk elk\u00f6telezett amelett, hogy egyedi megold\u00e1sokat k\u00edn\u00e1ljon mind a p\u00e9kipar, mind a cukr\u00e1szs\u00fctem\u00e9nyek k\u00e9sz\u00edt\u0151i sz\u00e1m\u00e1ra, mik\u00f6zben folyamatosan t\u00f6reksz\u00fcnk az \u00faj technol\u00f3gi\u00e1k fejleszt\u00e9s\u00e9re, hogy l\u00e9p\u00e9st tudjunk tartani a piac fejl\u0151d\u00e9s\u00e9vel. Kiterjedt gy\u00e1rt\u00e1si kapacit\u00e1sunk lehet\u0151v\u00e9 teszi, hogy egyedi tervez\u00e9s\u0171, kulcsrak\u00e9sz gy\u00e1rt\u00f3sorokat sz\u00e1ll\u00edtsunk a kulcsfontoss\u00e1g\u00fa piacvezet\u0151knek.<\/p><p>30 \u00e9ves t\u00f6rt\u00e9nelm\u00fcnk a ventet\u00f3i Marco Vicentino-ban (Olaszorsz\u00e1g) kezd\u0151d\u00f6tt, egy \u00fczleti negyed sz\u00edv\u00e9ben, amely az eg\u00e9sz vil\u00e1gon ismert keny\u00e9rs\u00fct\u0151- \u00e9s p\u00e9ks\u00fctem\u00e9ny-felszerel\u00e9sir\u0151l, k\u00f6sz\u00f6nhet\u0151en alap\u00edt\u00f3nk, Gianillo Dalla Costa kitart\u00f3, v\u00e1llalkoz\u00f3 szellem\u00e9nek, akik a mesterekt\u0151l tanult\u00e1k a mesters\u00e9get. A c\u00e9get ma fia, Riccardo vezeti, aki teljes m\u00e9rt\u00e9kben elk\u00f6telezett apjuk \u00e1ltal l\u00e9trehozott innov\u00e1ci\u00f3s hagyom\u00e1ny folytat\u00e1sa mellett.<\/p>\t\t\t\t\t\t\t\t<\/div>\n\t\t\t\t<\/div>\n\t\t\t\t\t<\/div>\n\t\t<\/div>\n\t\t\t\t<div class=\"elementor-column elementor-col-50 elementor-top-column elementor-element elementor-element-9d824b9\" data-id=\"9d824b9\" data-element_type=\"column\" data-e-type=\"column\">\n\t\t\t<div class=\"elementor-widget-wrap elementor-element-populated\">\n\t\t\t\t\t\t<div class=\"elementor-element elementor-element-a6297c0 elementor-widget__width-initial elementor-widget elementor-widget-image\" data-id=\"a6297c0\" data-element_type=\"widget\" data-e-type=\"widget\" data-widget_type=\"image.default\">\n\t\t\t\t<div class=\"elementor-widget-container\">\n\t\t\t\t\t\t\t\t\t\t\t\t\t\t\t<img alt=\"\" fetchpriority=\"high\" decoding=\"async\" width=\"227\" height=\"300\" src=\"https:\/\/iadesign.hu\/wp-content\/uploads\/2024\/11\/Pek_gyerekek-227x300.jpg\" class=\"attachment-medium size-medium wp-image-1982\" srcset=\"https:\/\/iadesign.hu\/wp-content\/uploads\/2024\/11\/Pek_gyerekek-227x300.jpg 227w, https:\/\/iadesign.hu\/wp-content\/uploads\/2024\/11\/Pek_gyerekek-9x12.jpg 9w, https:\/\/iadesign.hu\/wp-content\/uploads\/2024\/11\/Pek_gyerekek.jpg 504w\" sizes=\"(max-width: 227px) 100vw, 227px\" \/>\t\t\t\t\t\t\t\t\t\t\t\t\t\t\t<\/div>\n\t\t\t\t<\/div>\n\t\t\t\t\t<\/div>\n\t\t<\/div>\n\t\t\t\t\t<\/div>\n\t\t<\/section>\n\t\t\t\t<section class=\"elementor-section elementor-top-section elementor-element elementor-element-b604b6f elementor-section-boxed elementor-section-height-default elementor-section-height-default\" data-id=\"b604b6f\" data-element_type=\"section\" data-e-type=\"section\">\n\t\t\t\t\t\t<div class=\"elementor-container elementor-column-gap-default\">\n\t\t\t\t\t<div class=\"elementor-column elementor-col-100 elementor-top-column elementor-element elementor-element-2318ee5\" data-id=\"2318ee5\" data-element_type=\"column\" data-e-type=\"column\">\n\t\t\t<div class=\"elementor-widget-wrap elementor-element-populated\">\n\t\t\t\t\t\t<div class=\"elementor-element elementor-element-f20cea8 elementor-align-left elementor-widget elementor-widget-button\" data-id=\"f20cea8\" data-element_type=\"widget\" data-e-type=\"widget\" data-widget_type=\"button.default\">\n\t\t\t\t<div class=\"elementor-widget-container\">\n\t\t\t\t\t\t\t\t\t<div class=\"elementor-button-wrapper\">\n\t\t\t\t\t<a class=\"elementor-button elementor-button-link elementor-size-sm\" href=\"https:\/\/iadesign.hu\/it\/termekeink\/mfitaly-elelmiszeripari-gepek\/\">\n\t\t\t\t\t\t<span class=\"elementor-button-content-wrapper\">\n\t\t\t\t\t\t\t\t\t<span class=\"elementor-button-text\">Vissza a kateg\u00f3ri\u00e1khoz<\/span>\n\t\t\t\t\t<\/span>\n\t\t\t\t\t<\/a>\n\t\t\t\t<\/div>\n\t\t\t\t\t\t\t\t<\/div>\n\t\t\t\t<\/div>\n\t\t\t\t\t<\/div>\n\t\t<\/div>\n\t\t\t\t\t<\/div>\n\t\t<\/section>\n\t\t\t\t<section class=\"elementor-section elementor-top-section elementor-element elementor-element-a1e19ec elementor-section-boxed elementor-section-height-default elementor-section-height-default\" data-id=\"a1e19ec\" data-element_type=\"section\" data-e-type=\"section\">\n\t\t\t\t\t\t<div class=\"elementor-container elementor-column-gap-default\">\n\t\t\t\t\t<div class=\"elementor-column elementor-col-25 elementor-top-column elementor-element elementor-element-28479af\" data-id=\"28479af\" data-element_type=\"column\" data-e-type=\"column\">\n\t\t\t<div class=\"elementor-widget-wrap elementor-element-populated\">\n\t\t\t\t\t\t<div class=\"elementor-element elementor-element-024c319 elementor-cta--skin-classic elementor-animated-content elementor-bg-transform elementor-bg-transform-zoom-in elementor-widget elementor-widget-call-to-action\" data-id=\"024c319\" data-element_type=\"widget\" data-e-type=\"widget\" data-widget_type=\"call-to-action.default\">\n\t\t\t\t<div class=\"elementor-widget-container\">\n\t\t\t\t\t\t\t<a class=\"elementor-cta\" href=\"https:\/\/iadesign.hu\/it\/termekeink\/mfitaly-elelmiszeripari-gepek\/keverogepek\/spiral-mixer-series-hydromix-mfitaly\/\">\n\t\t\t\t\t<div class=\"elementor-cta__bg-wrapper\">\n\t\t\t\t<div class=\"elementor-cta__bg elementor-bg\" style=\"background-image: url(https:\/\/iadesign.hu\/wp-content\/uploads\/2024\/11\/Hydromix_1.jpg);\" role=\"img\" aria-label=\"Hydromix_1\"><\/div>\n\t\t\t\t<div class=\"elementor-cta__bg-overlay\"><\/div>\n\t\t\t<\/div>\n\t\t\t\t\t\t\t<div class=\"elementor-cta__content\">\n\t\t\t\t\n\t\t\t\t\t\t\t\t\t<h2 class=\"elementor-cta__title elementor-cta__content-item elementor-content-item\">\n\t\t\t\t\t\tSpir\u00e1l mixer\t\t\t\t\t<\/h2>\n\t\t\t\t\n\t\t\t\t\t\t\t\t\t<div class=\"elementor-cta__description elementor-cta__content-item elementor-content-item\">\n\t\t\t\t\t\tseries Hydromix\t\t\t\t\t<\/div>\n\t\t\t\t\n\t\t\t\t\t\t\t<\/div>\n\t\t\t\t\t\t<\/a>\n\t\t\t\t\t\t<\/div>\n\t\t\t\t<\/div>\n\t\t\t\t\t<\/div>\n\t\t<\/div>\n\t\t\t\t<div class=\"elementor-column elementor-col-25 elementor-top-column elementor-element elementor-element-62a736a\" data-id=\"62a736a\" data-element_type=\"column\" data-e-type=\"column\">\n\t\t\t<div class=\"elementor-widget-wrap elementor-element-populated\">\n\t\t\t\t\t\t<div class=\"elementor-element elementor-element-73cb133 elementor-cta--skin-classic elementor-animated-content elementor-bg-transform elementor-bg-transform-zoom-in elementor-widget elementor-widget-call-to-action\" data-id=\"73cb133\" data-element_type=\"widget\" data-e-type=\"widget\" data-widget_type=\"call-to-action.default\">\n\t\t\t\t<div class=\"elementor-widget-container\">\n\t\t\t\t\t\t\t<div class=\"elementor-cta\">\n\t\t\t\t\t<div class=\"elementor-cta__bg-wrapper\">\n\t\t\t\t<div class=\"elementor-cta__bg elementor-bg\" style=\"background-image: url(https:\/\/iadesign.hu\/wp-content\/uploads\/2024\/11\/Minimix_Standard_1.jpg);\" role=\"img\" aria-label=\"Minimix_Standard_1\"><\/div>\n\t\t\t\t<div class=\"elementor-cta__bg-overlay\"><\/div>\n\t\t\t<\/div>\n\t\t\t\t\t\t\t<div class=\"elementor-cta__content\">\n\t\t\t\t\n\t\t\t\t\t\t\t\t\t<h2 class=\"elementor-cta__title elementor-cta__content-item elementor-content-item\">\n\t\t\t\t\t\tSpir\u00e1l mixer\t\t\t\t\t<\/h2>\n\t\t\t\t\n\t\t\t\t\t\t\t\t\t<div class=\"elementor-cta__description elementor-cta__content-item elementor-content-item\">\n\t\t\t\t\t\tseries Minimix Standard\t\t\t\t\t<\/div>\n\t\t\t\t\n\t\t\t\t\t\t\t<\/div>\n\t\t\t\t\t\t<\/div>\n\t\t\t\t\t\t<\/div>\n\t\t\t\t<\/div>\n\t\t\t\t\t<\/div>\n\t\t<\/div>\n\t\t\t\t<div class=\"elementor-column elementor-col-25 elementor-top-column elementor-element elementor-element-b47fb76\" data-id=\"b47fb76\" data-element_type=\"column\" data-e-type=\"column\">\n\t\t\t<div class=\"elementor-widget-wrap elementor-element-populated\">\n\t\t\t\t\t\t<div class=\"elementor-element elementor-element-bbebf07 elementor-cta--skin-classic elementor-animated-content elementor-bg-transform elementor-bg-transform-zoom-in elementor-widget elementor-widget-call-to-action\" data-id=\"bbebf07\" data-element_type=\"widget\" data-e-type=\"widget\" data-widget_type=\"call-to-action.default\">\n\t\t\t\t<div class=\"elementor-widget-container\">\n\t\t\t\t\t\t\t<div class=\"elementor-cta\">\n\t\t\t\t\t<div class=\"elementor-cta__bg-wrapper\">\n\t\t\t\t<div class=\"elementor-cta__bg elementor-bg\" style=\"background-image: url(https:\/\/iadesign.hu\/wp-content\/uploads\/2024\/11\/Minimix_Pro_1.jpg);\" role=\"img\" aria-label=\"prodotti_1000x1000\"><\/div>\n\t\t\t\t<div class=\"elementor-cta__bg-overlay\"><\/div>\n\t\t\t<\/div>\n\t\t\t\t\t\t\t<div class=\"elementor-cta__content\">\n\t\t\t\t\n\t\t\t\t\t\t\t\t\t<h2 class=\"elementor-cta__title elementor-cta__content-item elementor-content-item\">\n\t\t\t\t\t\tSpir\u00e1l mixer\t\t\t\t\t<\/h2>\n\t\t\t\t\n\t\t\t\t\t\t\t\t\t<div class=\"elementor-cta__description elementor-cta__content-item elementor-content-item\">\n\t\t\t\t\t\tseries Minimix Pro\t\t\t\t\t<\/div>\n\t\t\t\t\n\t\t\t\t\t\t\t<\/div>\n\t\t\t\t\t\t<\/div>\n\t\t\t\t\t\t<\/div>\n\t\t\t\t<\/div>\n\t\t\t\t\t<\/div>\n\t\t<\/div>\n\t\t\t\t<div class=\"elementor-column elementor-col-25 elementor-top-column elementor-element elementor-element-d4096d1\" data-id=\"d4096d1\" data-element_type=\"column\" data-e-type=\"column\">\n\t\t\t<div class=\"elementor-widget-wrap elementor-element-populated\">\n\t\t\t\t\t\t<div class=\"elementor-element elementor-element-e03f8ea elementor-cta--skin-classic elementor-animated-content elementor-bg-transform elementor-bg-transform-zoom-in elementor-widget elementor-widget-call-to-action\" data-id=\"e03f8ea\" data-element_type=\"widget\" data-e-type=\"widget\" data-widget_type=\"call-to-action.default\">\n\t\t\t\t<div class=\"elementor-widget-container\">\n\t\t\t\t\t\t\t<div class=\"elementor-cta\">\n\t\t\t\t\t<div class=\"elementor-cta__bg-wrapper\">\n\t\t\t\t<div class=\"elementor-cta__bg elementor-bg\" style=\"background-image: url(https:\/\/iadesign.hu\/wp-content\/uploads\/2024\/11\/series_SP.jpg);\" role=\"img\" aria-label=\"series_SP\"><\/div>\n\t\t\t\t<div class=\"elementor-cta__bg-overlay\"><\/div>\n\t\t\t<\/div>\n\t\t\t\t\t\t\t<div class=\"elementor-cta__content\">\n\t\t\t\t\n\t\t\t\t\t\t\t\t\t<h2 class=\"elementor-cta__title elementor-cta__content-item elementor-content-item\">\n\t\t\t\t\t\tSpir\u00e1l mixer\t\t\t\t\t<\/h2>\n\t\t\t\t\n\t\t\t\t\t\t\t\t\t<div class=\"elementor-cta__description elementor-cta__content-item elementor-content-item\">\n\t\t\t\t\t\tseries SP\t\t\t\t\t<\/div>\n\t\t\t\t\n\t\t\t\t\t\t\t<\/div>\n\t\t\t\t\t\t<\/div>\n\t\t\t\t\t\t<\/div>\n\t\t\t\t<\/div>\n\t\t\t\t\t<\/div>\n\t\t<\/div>\n\t\t\t\t\t<\/div>\n\t\t<\/section>\n\t\t\t\t<\/div>","protected":false},"excerpt":{"rendered":"<p>mfitaly &#8211; a modern keny\u00e9rs\u00fct\u00e9s eszk\u00f6zei Az mfitaly innovat\u00edv berendez\u00e9seket \u00e9s rendszereket tervez, gy\u00e1rt \u00e9s forgalmaz p\u00e9ks\u00e9gek, cukr\u00e1zd\u00e1k \u00e9s pizzak\u00e9sz\u00edt\u0151k sz\u00e1m\u00e1ra a vil\u00e1g minden t\u00e1j\u00e1n. Kiterjedt \u00e9s elismert term\u00e9kcsal\u00e1dunk lehet\u0151v\u00e9 &#8230;<\/p>","protected":false},"author":1,"featured_media":0,"parent":1964,"menu_order":0,"comment_status":"closed","ping_status":"closed","template":"elementor_header_footer","meta":{"_seopress_robots_primary_cat":"","_seopress_titles_title":"","_seopress_titles_desc":"","_seopress_robots_index":"","iawp_total_views":4,"footnotes":""},"class_list":["post-2020","page","type-page","status-publish","hentry"],"_links":{"self":[{"href":"https:\/\/iadesign.hu\/it\/wp-json\/wp\/v2\/pages\/2020","targetHints":{"allow":["GET"]}}],"collection":[{"href":"https:\/\/iadesign.hu\/it\/wp-json\/wp\/v2\/pages"}],"about":[{"href":"https:\/\/iadesign.hu\/it\/wp-json\/wp\/v2\/types\/page"}],"author":[{"embeddable":true,"href":"https:\/\/iadesign.hu\/it\/wp-json\/wp\/v2\/users\/1"}],"replies":[{"embeddable":true,"href":"https:\/\/iadesign.hu\/it\/wp-json\/wp\/v2\/comments?post=2020"}],"version-history":[{"count":19,"href":"https:\/\/iadesign.hu\/it\/wp-json\/wp\/v2\/pages\/2020\/revisions"}],"predecessor-version":[{"id":2088,"href":"https:\/\/iadesign.hu\/it\/wp-json\/wp\/v2\/pages\/2020\/revisions\/2088"}],"up":[{"embeddable":true,"href":"https:\/\/iadesign.hu\/it\/wp-json\/wp\/v2\/pages\/1964"}],"wp:attachment":[{"href":"https:\/\/iadesign.hu\/it\/wp-json\/wp\/v2\/media?parent=2020"}],"curies":[{"name":"wp","href":"https:\/\/api.w.org\/{rel}","templated":true}]}}